{"id":58,"date":"2022-12-29T08:48:40","date_gmt":"2022-12-29T08:48:40","guid":{"rendered":"https:\/\/quimicacoyoacan.com\/?page_id=58"},"modified":"2022-12-29T09:09:03","modified_gmt":"2022-12-29T09:09:03","slug":"maquila","status":"publish","type":"page","link":"https:\/\/quimicacoyoacan.com\/index.php\/maquila\/","title":{"rendered":"Maquila"},"content":{"rendered":"\t\t<div data-elementor-type=\"wp-page\" data-elementor-id=\"58\" class=\"elementor elementor-58\">\n\t\t\t\t\t\t\t\t\t<section class=\"elementor-section elementor-top-section elementor-element elementor-element-244cf567 elementor-section-content-middle elementor-section-boxed elementor-section-height-default elementor-section-height-default\" data-id=\"244cf567\" data-element_type=\"section\">\n\t\t\t\t\t\t<div class=\"elementor-container elementor-column-gap-no\">\n\t\t\t\t\t<div class=\"elementor-column elementor-col-33 elementor-top-column elementor-element elementor-element-2da47cf1\" data-id=\"2da47cf1\" data-element_type=\"column\">\n\t\t\t<div class=\"elementor-widget-wrap elementor-element-populated\">\n\t\t\t\t\t\t\t\t<div class=\"elementor-element elementor-element-6b651f2d elementor-widget elementor-widget-text-editor\" data-id=\"6b651f2d\" data-element_type=\"widget\" data-widget_type=\"text-editor.default\">\n\t\t\t\t<div class=\"elementor-widget-container\">\n\t\t\t<style>\/*! elementor - v3.9.2 - 21-12-2022 *\/\n.elementor-widget-text-editor.elementor-drop-cap-view-stacked .elementor-drop-cap{background-color:#818a91;color:#fff}.elementor-widget-text-editor.elementor-drop-cap-view-framed .elementor-drop-cap{color:#818a91;border:3px solid;background-color:transparent}.elementor-widget-text-editor:not(.elementor-drop-cap-view-default) .elementor-drop-cap{margin-top:8px}.elementor-widget-text-editor:not(.elementor-drop-cap-view-default) .elementor-drop-cap-letter{width:1em;height:1em}.elementor-widget-text-editor .elementor-drop-cap{float:left;text-align:center;line-height:1;font-size:50px}.elementor-widget-text-editor .elementor-drop-cap-letter{display:inline-block}<\/style>\t\t\t\t\t\t\t\t\t\t<\/div>\n\t\t\t\t<\/div>\n\t\t\t\t<div class=\"elementor-element elementor-element-1fd9866e elementor-widget elementor-widget-heading\" data-id=\"1fd9866e\" data-element_type=\"widget\" data-widget_type=\"heading.default\">\n\t\t\t\t<div class=\"elementor-widget-container\">\n\t\t\t<style>\/*! elementor - v3.9.2 - 21-12-2022 *\/\n.elementor-heading-title{padding:0;margin:0;line-height:1}.elementor-widget-heading .elementor-heading-title[class*=elementor-size-]>a{color:inherit;font-size:inherit;line-height:inherit}.elementor-widget-heading .elementor-heading-title.elementor-size-small{font-size:15px}.elementor-widget-heading .elementor-heading-title.elementor-size-medium{font-size:19px}.elementor-widget-heading .elementor-heading-title.elementor-size-large{font-size:29px}.elementor-widget-heading .elementor-heading-title.elementor-size-xl{font-size:39px}.elementor-widget-heading .elementor-heading-title.elementor-size-xxl{font-size:59px}<\/style><h3 class=\"elementor-heading-title elementor-size-default\">Maquila<\/h3>\t\t<\/div>\n\t\t\t\t<\/div>\n\t\t\t\t<div class=\"elementor-element elementor-element-17054c16 elementor-widget-divider--view-line elementor-widget elementor-widget-divider\" data-id=\"17054c16\" data-element_type=\"widget\" data-widget_type=\"divider.default\">\n\t\t\t\t<div class=\"elementor-widget-container\">\n\t\t\t<style>\/*! elementor - v3.9.2 - 21-12-2022 *\/\n.elementor-widget-divider{--divider-border-style:none;--divider-border-width:1px;--divider-color:#2c2c2c;--divider-icon-size:20px;--divider-element-spacing:10px;--divider-pattern-height:24px;--divider-pattern-size:20px;--divider-pattern-url:none;--divider-pattern-repeat:repeat-x}.elementor-widget-divider .elementor-divider{display:flex}.elementor-widget-divider .elementor-divider__text{font-size:15px;line-height:1;max-width:95%}.elementor-widget-divider .elementor-divider__element{margin:0 var(--divider-element-spacing);flex-shrink:0}.elementor-widget-divider .elementor-icon{font-size:var(--divider-icon-size)}.elementor-widget-divider .elementor-divider-separator{display:flex;margin:0;direction:ltr}.elementor-widget-divider--view-line_icon .elementor-divider-separator,.elementor-widget-divider--view-line_text .elementor-divider-separator{align-items:center}.elementor-widget-divider--view-line_icon .elementor-divider-separator:after,.elementor-widget-divider--view-line_icon .elementor-divider-separator:before,.elementor-widget-divider--view-line_text .elementor-divider-separator:after,.elementor-widget-divider--view-line_text .elementor-divider-separator:before{display:block;content:\"\";border-bottom:0;flex-grow:1;border-top:var(--divider-border-width) var(--divider-border-style) var(--divider-color)}.elementor-widget-divider--element-align-left .elementor-divider .elementor-divider-separator>.elementor-divider__svg:first-of-type{flex-grow:0;flex-shrink:100}.elementor-widget-divider--element-align-left .elementor-divider-separator:before{content:none}.elementor-widget-divider--element-align-left .elementor-divider__element{margin-left:0}.elementor-widget-divider--element-align-right .elementor-divider .elementor-divider-separator>.elementor-divider__svg:last-of-type{flex-grow:0;flex-shrink:100}.elementor-widget-divider--element-align-right .elementor-divider-separator:after{content:none}.elementor-widget-divider--element-align-right .elementor-divider__element{margin-right:0}.elementor-widget-divider:not(.elementor-widget-divider--view-line_text):not(.elementor-widget-divider--view-line_icon) .elementor-divider-separator{border-top:var(--divider-border-width) var(--divider-border-style) var(--divider-color)}.elementor-widget-divider--separator-type-pattern{--divider-border-style:none}.elementor-widget-divider--separator-type-pattern.elementor-widget-divider--view-line .elementor-divider-separator,.elementor-widget-divider--separator-type-pattern:not(.elementor-widget-divider--view-line) .elementor-divider-separator:after,.elementor-widget-divider--separator-type-pattern:not(.elementor-widget-divider--view-line) .elementor-divider-separator:before,.elementor-widget-divider--separator-type-pattern:not([class*=elementor-widget-divider--view]) .elementor-divider-separator{width:100%;min-height:var(--divider-pattern-height);-webkit-mask-size:var(--divider-pattern-size) 100%;mask-size:var(--divider-pattern-size) 100%;-webkit-mask-repeat:var(--divider-pattern-repeat);mask-repeat:var(--divider-pattern-repeat);background-color:var(--divider-color);-webkit-mask-image:var(--divider-pattern-url);mask-image:var(--divider-pattern-url)}.elementor-widget-divider--no-spacing{--divider-pattern-size:auto}.elementor-widget-divider--bg-round{--divider-pattern-repeat:round}.rtl .elementor-widget-divider .elementor-divider__text{direction:rtl}.e-con-inner>.elementor-widget-divider,.e-con>.elementor-widget-divider{width:var(--container-widget-width);--flex-grow:var(--container-widget-flex-grow)}<\/style>\t\t<div class=\"elementor-divider\">\n\t\t\t<span class=\"elementor-divider-separator\">\n\t\t\t\t\t\t<\/span>\n\t\t<\/div>\n\t\t\t\t<\/div>\n\t\t\t\t<\/div>\n\t\t\t\t\t<\/div>\n\t\t<\/div>\n\t\t\t\t<div class=\"elementor-column elementor-col-33 elementor-top-column elementor-element elementor-element-48fc3de\" data-id=\"48fc3de\" data-element_type=\"column\">\n\t\t\t<div class=\"elementor-widget-wrap elementor-element-populated\">\n\t\t\t\t\t\t\t\t<div class=\"elementor-element elementor-element-771e3f43 elementor-widget elementor-widget-image\" data-id=\"771e3f43\" data-element_type=\"widget\" data-widget_type=\"image.default\">\n\t\t\t\t<div class=\"elementor-widget-container\">\n\t\t\t<style>\/*! elementor - v3.9.2 - 21-12-2022 *\/\n.elementor-widget-image{text-align:center}.elementor-widget-image a{display:inline-block}.elementor-widget-image a img[src$=\".svg\"]{width:48px}.elementor-widget-image img{vertical-align:middle;display:inline-block}<\/style>\t\t\t\t\t\t\t\t\t\t\t\t<img decoding=\"async\" width=\"2560\" height=\"1655\" src=\"https:\/\/quimicacoyoacan.com\/wp-content\/uploads\/2022\/12\/close-up-face-of-factory-worker-touch-protective-e-2022-01-19-00-09-56-utc-scaled.jpg\" class=\"elementor-animation-grow attachment-full size-full wp-image-63\" alt=\"\" loading=\"lazy\" srcset=\"https:\/\/quimicacoyoacan.com\/wp-content\/uploads\/2022\/12\/close-up-face-of-factory-worker-touch-protective-e-2022-01-19-00-09-56-utc-scaled.jpg 2560w, https:\/\/quimicacoyoacan.com\/wp-content\/uploads\/2022\/12\/close-up-face-of-factory-worker-touch-protective-e-2022-01-19-00-09-56-utc-300x194.jpg 300w, https:\/\/quimicacoyoacan.com\/wp-content\/uploads\/2022\/12\/close-up-face-of-factory-worker-touch-protective-e-2022-01-19-00-09-56-utc-1024x662.jpg 1024w, https:\/\/quimicacoyoacan.com\/wp-content\/uploads\/2022\/12\/close-up-face-of-factory-worker-touch-protective-e-2022-01-19-00-09-56-utc-768x496.jpg 768w, https:\/\/quimicacoyoacan.com\/wp-content\/uploads\/2022\/12\/close-up-face-of-factory-worker-touch-protective-e-2022-01-19-00-09-56-utc-1536x993.jpg 1536w, https:\/\/quimicacoyoacan.com\/wp-content\/uploads\/2022\/12\/close-up-face-of-factory-worker-touch-protective-e-2022-01-19-00-09-56-utc-2048x1324.jpg 2048w, https:\/\/quimicacoyoacan.com\/wp-content\/uploads\/2022\/12\/close-up-face-of-factory-worker-touch-protective-e-2022-01-19-00-09-56-utc-600x388.jpg 600w\" sizes=\"(max-width: 2560px) 100vw, 2560px\" \/>\t\t\t\t\t\t\t\t\t\t\t\t\t\t\t<\/div>\n\t\t\t\t<\/div>\n\t\t\t\t<div class=\"elementor-element elementor-element-40313a0f elementor-widget elementor-widget-text-editor\" data-id=\"40313a0f\" data-element_type=\"widget\" data-widget_type=\"text-editor.default\">\n\t\t\t\t<div class=\"elementor-widget-container\">\n\t\t\t\t\t\t\t<p><span style=\"color: #929292; font-family: Cabin, sans-serif; font-weight: bold; text-align: justify;\">Adem\u00e1s de las sales derivadas de Magnesio y los m\u00e1s de 43 productos de marca propia que tenemos, a trav\u00e9s de nuestra empresa hermana Comercializadora Coyoquimex del Baj\u00edo, contamos con maquila para productos de cuidado personal, tambi\u00e9n manejamos suplementos alimenticios y productos en polvo.<\/span><\/p>\t\t\t\t\t\t<\/div>\n\t\t\t\t<\/div>\n\t\t\t\t\t<\/div>\n\t\t<\/div>\n\t\t\t\t<div class=\"elementor-column elementor-col-33 elementor-top-column elementor-element elementor-element-6b4e737f\" data-id=\"6b4e737f\" data-element_type=\"column\">\n\t\t\t<div class=\"elementor-widget-wrap elementor-element-populated\">\n\t\t\t\t\t\t\t\t<div class=\"elementor-element elementor-element-a836745 elementor-widget elementor-widget-text-editor\" data-id=\"a836745\" data-element_type=\"widget\" data-widget_type=\"text-editor.default\">\n\t\t\t\t<div class=\"elementor-widget-container\">\n\t\t\t\t\t\t\t<p><span style=\"color: #929292; font-family: Cabin, sans-serif; font-weight: bold; text-align: justify;\">A trav\u00e9s de Nuestra Empresa hermana Comercializadora Coyoquimex del Baj\u00edo, SA de CV contamos con la Maquila de Diversos Productos Cosm\u00e9ticos y Suplementos Alimenticios.<\/span><\/p>\t\t\t\t\t\t<\/div>\n\t\t\t\t<\/div>\n\t\t\t\t<div class=\"elementor-element elementor-element-12322cc1 elementor-widget elementor-widget-image\" data-id=\"12322cc1\" data-element_type=\"widget\" data-widget_type=\"image.default\">\n\t\t\t\t<div class=\"elementor-widget-container\">\n\t\t\t\t\t\t\t\t\t\t\t\t\t\t\t<img decoding=\"async\" width=\"2560\" height=\"1707\" src=\"https:\/\/quimicacoyoacan.com\/wp-content\/uploads\/2022\/12\/mid-adult-male-engineer-examining-machine-part-on-2022-01-19-00-12-09-utc-scaled.jpg\" class=\"elementor-animation-grow attachment-full size-full wp-image-64\" alt=\"\" loading=\"lazy\" srcset=\"https:\/\/quimicacoyoacan.com\/wp-content\/uploads\/2022\/12\/mid-adult-male-engineer-examining-machine-part-on-2022-01-19-00-12-09-utc-scaled.jpg 2560w, https:\/\/quimicacoyoacan.com\/wp-content\/uploads\/2022\/12\/mid-adult-male-engineer-examining-machine-part-on-2022-01-19-00-12-09-utc-300x200.jpg 300w, https:\/\/quimicacoyoacan.com\/wp-content\/uploads\/2022\/12\/mid-adult-male-engineer-examining-machine-part-on-2022-01-19-00-12-09-utc-1024x683.jpg 1024w, https:\/\/quimicacoyoacan.com\/wp-content\/uploads\/2022\/12\/mid-adult-male-engineer-examining-machine-part-on-2022-01-19-00-12-09-utc-768x512.jpg 768w, https:\/\/quimicacoyoacan.com\/wp-content\/uploads\/2022\/12\/mid-adult-male-engineer-examining-machine-part-on-2022-01-19-00-12-09-utc-1536x1024.jpg 1536w, https:\/\/quimicacoyoacan.com\/wp-content\/uploads\/2022\/12\/mid-adult-male-engineer-examining-machine-part-on-2022-01-19-00-12-09-utc-2048x1365.jpg 2048w, https:\/\/quimicacoyoacan.com\/wp-content\/uploads\/2022\/12\/mid-adult-male-engineer-examining-machine-part-on-2022-01-19-00-12-09-utc-600x400.jpg 600w\" sizes=\"(max-width: 2560px) 100vw, 2560px\" \/>\t\t\t\t\t\t\t\t\t\t\t\t\t\t\t<\/div>\n\t\t\t\t<\/div>\n\t\t\t\t\t<\/div>\n\t\t<\/div>\n\t\t\t\t\t\t\t<\/div>\n\t\t<\/section>\n\t\t\t\t<section class=\"elementor-section elementor-top-section elementor-element elementor-element-6390867 elementor-section-content-middle elementor-section-boxed elementor-section-height-default elementor-section-height-default\" data-id=\"6390867\" data-element_type=\"section\">\n\t\t\t\t\t\t<div class=\"elementor-container elementor-column-gap-no\">\n\t\t\t\t\t<div class=\"elementor-column elementor-col-33 elementor-top-column elementor-element elementor-element-6031cd1b\" data-id=\"6031cd1b\" data-element_type=\"column\">\n\t\t\t<div class=\"elementor-widget-wrap elementor-element-populated\">\n\t\t\t\t\t\t\t\t<div class=\"elementor-element elementor-element-3bca67bf elementor-widget elementor-widget-text-editor\" data-id=\"3bca67bf\" data-element_type=\"widget\" data-widget_type=\"text-editor.default\">\n\t\t\t\t<div class=\"elementor-widget-container\">\n\t\t\t\t\t\t\t<p>Nuestros productos nos hacen ser<\/p>\t\t\t\t\t\t<\/div>\n\t\t\t\t<\/div>\n\t\t\t\t<div class=\"elementor-element elementor-element-707499a4 elementor-widget elementor-widget-heading\" data-id=\"707499a4\" data-element_type=\"widget\" data-widget_type=\"heading.default\">\n\t\t\t\t<div class=\"elementor-widget-container\">\n\t\t\t<h3 class=\"elementor-heading-title elementor-size-default\">\u00a1L\u00edderes en Am\u00e9rica!<\/h3>\t\t<\/div>\n\t\t\t\t<\/div>\n\t\t\t\t<div class=\"elementor-element elementor-element-23c01ec elementor-widget-divider--view-line elementor-widget elementor-widget-divider\" data-id=\"23c01ec\" data-element_type=\"widget\" data-widget_type=\"divider.default\">\n\t\t\t\t<div class=\"elementor-widget-container\">\n\t\t\t\t\t<div class=\"elementor-divider\">\n\t\t\t<span class=\"elementor-divider-separator\">\n\t\t\t\t\t\t<\/span>\n\t\t<\/div>\n\t\t\t\t<\/div>\n\t\t\t\t<\/div>\n\t\t\t\t\t<\/div>\n\t\t<\/div>\n\t\t\t\t<div class=\"elementor-column elementor-col-33 elementor-top-column elementor-element elementor-element-427f855\" data-id=\"427f855\" data-element_type=\"column\">\n\t\t\t<div class=\"elementor-widget-wrap elementor-element-populated\">\n\t\t\t\t\t\t\t\t<div class=\"elementor-element elementor-element-59544714 elementor-widget elementor-widget-image\" data-id=\"59544714\" data-element_type=\"widget\" data-widget_type=\"image.default\">\n\t\t\t\t<div class=\"elementor-widget-container\">\n\t\t\t\t\t\t\t\t\t\t\t\t\t\t\t<img decoding=\"async\" width=\"554\" height=\"479\" src=\"https:\/\/quimicacoyoacan.com\/wp-content\/uploads\/2022\/12\/Bucarol.png\" class=\"elementor-animation-grow attachment-full size-full wp-image-69\" alt=\"\" loading=\"lazy\" srcset=\"https:\/\/quimicacoyoacan.com\/wp-content\/uploads\/2022\/12\/Bucarol.png 554w, https:\/\/quimicacoyoacan.com\/wp-content\/uploads\/2022\/12\/Bucarol-300x259.png 300w\" sizes=\"(max-width: 554px) 100vw, 554px\" \/>\t\t\t\t\t\t\t\t\t\t\t\t\t\t\t<\/div>\n\t\t\t\t<\/div>\n\t\t\t\t<div class=\"elementor-element elementor-element-5e66958b elementor-widget elementor-widget-text-editor\" data-id=\"5e66958b\" data-element_type=\"widget\" data-widget_type=\"text-editor.default\">\n\t\t\t\t<div class=\"elementor-widget-container\">\n\t\t\t\t\t\t\t<p><span style=\"color: #929292; font-family: Cabin, sans-serif; font-weight: bold; text-align: justify;\">&#8211; Broncolift<\/span><br style=\"margin: 0px; padding: 0px; color: #929292; font-family: Cabin, sans-serif; font-weight: bold; text-align: justify;\" \/><span style=\"color: #929292; font-family: Cabin, sans-serif; font-weight: bold; text-align: justify;\">&#8211; Bucarol Enjuague Bucal 250ml Sabor Ice,Menta y Yerbabuena<\/span><br style=\"margin: 0px; padding: 0px; color: #929292; font-family: Cabin, sans-serif; font-weight: bold; text-align: justify;\" \/><span style=\"color: #929292; font-family: Cabin, sans-serif; font-weight: bold; text-align: justify;\">&#8211; Lips Up Pomada Labial. Cereza y Neutro<\/span><br style=\"margin: 0px; padding: 0px; color: #929292; font-family: Cabin, sans-serif; font-weight: bold; text-align: justify;\" \/><span style=\"color: #929292; font-family: Cabin, sans-serif; font-weight: bold; text-align: justify;\">&#8211; Chocolax con sen\u00f3sidos en Chocolate 18 Tabletas<\/span><br style=\"margin: 0px; padding: 0px; color: #929292; font-family: Cabin, sans-serif; font-weight: bold; text-align: justify;\" \/><span style=\"color: #929292; font-family: Cabin, sans-serif; font-weight: bold; text-align: justify;\">&#8211; Desodorante para pies 150 gr 5.3 oz.<\/span><br style=\"margin: 0px; padding: 0px; color: #929292; font-family: Cabin, sans-serif; font-weight: bold; text-align: justify;\" \/><span style=\"color: #929292; font-family: Cabin, sans-serif; font-weight: bold; text-align: justify;\">&#8211; Broncolift de Yerbabuena, enc\u00edas sensibles<\/span><\/p>\t\t\t\t\t\t<\/div>\n\t\t\t\t<\/div>\n\t\t\t\t\t<\/div>\n\t\t<\/div>\n\t\t\t\t<div class=\"elementor-column elementor-col-33 elementor-top-column elementor-element elementor-element-271a1990\" data-id=\"271a1990\" data-element_type=\"column\">\n\t\t\t<div class=\"elementor-widget-wrap elementor-element-populated\">\n\t\t\t\t\t\t\t\t<div class=\"elementor-element elementor-element-127bbad9 elementor-widget elementor-widget-text-editor\" data-id=\"127bbad9\" data-element_type=\"widget\" data-widget_type=\"text-editor.default\">\n\t\t\t\t<div class=\"elementor-widget-container\">\n\t\t\t\t\t\t\t<p class=\"text-justify\" style=\"margin-bottom: 1rem; color: #929292; font-weight: bolder; text-align: justify; font-family: Cabin, sans-serif;\">Ademas de Nuestros Productos Derivados del Magnesio Grado Industrial:<\/p><p style=\"margin-bottom: 1rem; color: #929292; font-weight: bolder; font-family: Cabin, sans-serif; text-align: justify;\">&#8211; Carbonato de Magnesio Ligero.<br style=\"margin: 0px; padding: 0px;\" \/>-Carbonato de Magnesio Industrial.<br style=\"margin: 0px; padding: 0px;\" \/>-Oxido de Magnesio Pesado.<br style=\"margin: 0px; padding: 0px;\" \/>-Sulfato de Sodio Decahidratado.<\/p>\t\t\t\t\t\t<\/div>\n\t\t\t\t<\/div>\n\t\t\t\t<div class=\"elementor-element elementor-element-3bd481bb elementor-widget elementor-widget-image\" data-id=\"3bd481bb\" data-element_type=\"widget\" data-widget_type=\"image.default\">\n\t\t\t\t<div class=\"elementor-widget-container\">\n\t\t\t\t\t\t\t\t\t\t\t\t\t\t\t<img decoding=\"async\" width=\"555\" height=\"455\" src=\"https:\/\/quimicacoyoacan.com\/wp-content\/uploads\/2022\/12\/Carbonato.png\" class=\"elementor-animation-grow attachment-full size-full wp-image-70\" alt=\"\" loading=\"lazy\" srcset=\"https:\/\/quimicacoyoacan.com\/wp-content\/uploads\/2022\/12\/Carbonato.png 555w, https:\/\/quimicacoyoacan.com\/wp-content\/uploads\/2022\/12\/Carbonato-300x246.png 300w\" sizes=\"(max-width: 555px) 100vw, 555px\" \/>\t\t\t\t\t\t\t\t\t\t\t\t\t\t\t<\/div>\n\t\t\t\t<\/div>\n\t\t\t\t\t<\/div>\n\t\t<\/div>\n\t\t\t\t\t\t\t<\/div>\n\t\t<\/section>\n\t\t\t\t<section class=\"elementor-section elementor-top-section elementor-element elementor-element-4c3aadc5 elementor-section-content-middle elementor-section-boxed elementor-section-height-default elementor-section-height-default\" data-id=\"4c3aadc5\" data-element_type=\"section\">\n\t\t\t\t\t\t<div class=\"elementor-container elementor-column-gap-no\">\n\t\t\t\t\t<div class=\"elementor-column elementor-col-50 elementor-top-column elementor-element elementor-element-5688fab\" data-id=\"5688fab\" data-element_type=\"column\">\n\t\t\t<div class=\"elementor-widget-wrap elementor-element-populated\">\n\t\t\t\t\t\t\t\t<div class=\"elementor-element elementor-element-63555815 elementor-widget elementor-widget-image\" data-id=\"63555815\" data-element_type=\"widget\" data-widget_type=\"image.default\">\n\t\t\t\t<div class=\"elementor-widget-container\">\n\t\t\t\t\t\t\t\t\t\t\t\t\t\t\t<img decoding=\"async\" width=\"564\" height=\"453\" src=\"https:\/\/quimicacoyoacan.com\/wp-content\/uploads\/2022\/12\/Lips.png\" class=\"attachment-full size-full wp-image-72\" alt=\"\" loading=\"lazy\" srcset=\"https:\/\/quimicacoyoacan.com\/wp-content\/uploads\/2022\/12\/Lips.png 564w, https:\/\/quimicacoyoacan.com\/wp-content\/uploads\/2022\/12\/Lips-300x241.png 300w\" sizes=\"(max-width: 564px) 100vw, 564px\" \/>\t\t\t\t\t\t\t\t\t\t\t\t\t\t\t<\/div>\n\t\t\t\t<\/div>\n\t\t\t\t\t<\/div>\n\t\t<\/div>\n\t\t\t\t<div class=\"elementor-column elementor-col-50 elementor-top-column elementor-element elementor-element-46e897f4\" data-id=\"46e897f4\" data-element_type=\"column\">\n\t\t\t<div class=\"elementor-widget-wrap elementor-element-populated\">\n\t\t\t\t\t\t\t\t<div class=\"elementor-element elementor-element-10b1563b elementor-widget elementor-widget-heading\" data-id=\"10b1563b\" data-element_type=\"widget\" data-widget_type=\"heading.default\">\n\t\t\t\t<div class=\"elementor-widget-container\">\n\t\t\t<h4 class=\"elementor-heading-title elementor-size-default\">Tenemos una ampl\u00eda variedad de productos<\/h4>\t\t<\/div>\n\t\t\t\t<\/div>\n\t\t\t\t<div class=\"elementor-element elementor-element-6ef0b6b6 elementor-widget elementor-widget-text-editor\" data-id=\"6ef0b6b6\" data-element_type=\"widget\" data-widget_type=\"text-editor.default\">\n\t\t\t\t<div class=\"elementor-widget-container\">\n\t\t\t\t\t\t\t<p class=\"MsoNormal\" style=\"margin: 0cm 0cm 0.0001pt; font-size: 12pt; font-family: Calibri, sans-serif; color: #000000;\"><span lang=\"ES\">Enjuagues Bucales<\/span><\/p><p class=\"MsoNormal\" style=\"margin: 0cm 0cm 0.0001pt; font-size: 12pt; font-family: Calibri, sans-serif; color: #000000;\"><span lang=\"ES\">\u2022\u00a0\u00a0\u00a0\u00a0\u00a0\u00a0\u00a0\u00a0\u00a0 Bucarol Sabor Ice.<\/span><\/p><p class=\"MsoNormal\" style=\"margin: 0cm 0cm 0.0001pt; font-size: 12pt; font-family: Calibri, sans-serif; color: #000000;\"><span lang=\"ES\">\u2022\u00a0\u00a0\u00a0\u00a0\u00a0\u00a0\u00a0\u00a0\u00a0 Bucarol Sabor Menta.<\/span><\/p><p class=\"MsoNormal\" style=\"margin: 0cm 0cm 0.0001pt; font-size: 12pt; font-family: Calibri, sans-serif; color: #000000;\"><span lang=\"ES\">\u2022\u00a0\u00a0\u00a0\u00a0\u00a0\u00a0\u00a0\u00a0\u00a0 Bucarol Sabor Yerbabuena<\/span><\/p><p class=\"MsoNormal\" style=\"margin: 0cm 0cm 0.0001pt; font-size: 12pt; font-family: Calibri, sans-serif; color: #000000;\"><span lang=\"ES\">\u2022\u00a0\u00a0\u00a0\u00a0\u00a0\u00a0\u00a0\u00a0\u00a0 Bucarol Enc\u00edas Sensibles.<\/span><\/p><p class=\"MsoNormal\" style=\"margin: 0cm 0cm 0.0001pt; font-size: 12pt; font-family: Calibri, sans-serif; color: #000000;\"><span lang=\"ES\">Adem\u00e1s tenemos<\/span><\/p><p class=\"MsoNormal\" style=\"margin: 0cm 0cm 0.0001pt; font-size: 12pt; font-family: Calibri, sans-serif; color: #000000;\"><span lang=\"ES\">\u2022\u00a0\u00a0\u00a0\u00a0\u00a0\u00a0\u00a0\u00a0\u00a0 Pomada Protector Labial:<\/span><\/p><p class=\"MsoNormal\" style=\"margin: 0cm 0cm 0.0001pt; font-size: 12pt; font-family: Calibri, sans-serif; color: #000000;\"><span lang=\"ES\">\u2022\u00a0\u00a0\u00a0\u00a0\u00a0\u00a0\u00a0\u00a0\u00a0 Lips Up sabor Cereza.<\/span><\/p><p class=\"MsoNormal\" style=\"margin: 0cm 0cm 0.0001pt; font-size: 12pt; font-family: Calibri, sans-serif; color: #000000;\"><span lang=\"ES\">\u2022\u00a0\u00a0\u00a0\u00a0\u00a0\u00a0\u00a0\u00a0\u00a0 Lips Up sabor Natural.<\/span><\/p><p class=\"MsoNormal\" style=\"margin: 0cm 0cm 0.0001pt; font-size: 12pt; font-family: Calibri, sans-serif; color: #000000;\"><span lang=\"ES\">\u2022\u00a0\u00a0\u00a0\u00a0\u00a0\u00a0\u00a0\u00a0\u00a0 Clorofila. Frasco cob 500 mL.<\/span><\/p><p class=\"MsoNormal\" style=\"margin: 0cm 0cm 0.0001pt; font-size: 12pt; font-family: Calibri, sans-serif; color: #000000;\"><span lang=\"ES\">\u2022\u00a0\u00a0\u00a0\u00a0\u00a0\u00a0\u00a0\u00a0\u00a0 Chocolax con Senosidos.<\/span><\/p><p class=\"MsoNormal\" style=\"margin: 0cm 0cm 0.0001pt; font-size: 12pt; font-family: Calibri, sans-serif; color: #000000;\"><span lang=\"ES\">\u2022\u00a0\u00a0\u00a0\u00a0\u00a0\u00a0\u00a0\u00a0\u00a0 Cremas Hidratantes para el Cuerpo.<\/span><\/p>\t\t\t\t\t\t<\/div>\n\t\t\t\t<\/div>\n\t\t\t\t\t<\/div>\n\t\t<\/div>\n\t\t\t\t\t\t\t<\/div>\n\t\t<\/section>\n\t\t\t\t\t\t\t<\/div>\n\t\t","protected":false},"excerpt":{"rendered":"<p>Maquila Adem\u00e1s de las sales derivadas de Magnesio y los m\u00e1s de 43 productos de marca propia que tenemos, a trav\u00e9s de nuestra empresa hermana Comercializadora Coyoquimex del Baj\u00edo, contamos con maquila para productos de cuidado personal, tambi\u00e9n manejamos suplementos alimenticios y productos en polvo. A trav\u00e9s de Nuestra Empresa hermana Comercializadora Coyoquimex del Baj\u00edo, &#8230; <a title=\"Maquila\" class=\"read-more\" href=\"https:\/\/quimicacoyoacan.com\/index.php\/maquila\/\" aria-label=\"M\u00e1s en Maquila\">Leer m\u00e1s<\/a><\/p>\n","protected":false},"author":1,"featured_media":0,"parent":0,"menu_order":0,"comment_status":"closed","ping_status":"closed","template":"","meta":{"_mi_skip_tracking":false},"_links":{"self":[{"href":"https:\/\/quimicacoyoacan.com\/index.php\/wp-json\/wp\/v2\/pages\/58"}],"collection":[{"href":"https:\/\/quimicacoyoacan.com\/index.php\/wp-json\/wp\/v2\/pages"}],"about":[{"href":"https:\/\/quimicacoyoacan.com\/index.php\/wp-json\/wp\/v2\/types\/page"}],"author":[{"embeddable":true,"href":"https:\/\/quimicacoyoacan.com\/index.php\/wp-json\/wp\/v2\/users\/1"}],"replies":[{"embeddable":true,"href":"https:\/\/quimicacoyoacan.com\/index.php\/wp-json\/wp\/v2\/comments?post=58"}],"version-history":[{"count":11,"href":"https:\/\/quimicacoyoacan.com\/index.php\/wp-json\/wp\/v2\/pages\/58\/revisions"}],"predecessor-version":[{"id":78,"href":"https:\/\/quimicacoyoacan.com\/index.php\/wp-json\/wp\/v2\/pages\/58\/revisions\/78"}],"wp:attachment":[{"href":"https:\/\/quimicacoyoacan.com\/index.php\/wp-json\/wp\/v2\/media?parent=58"}],"curies":[{"name":"wp","href":"https:\/\/api.w.org\/{rel}","templated":true}]}}