{"id":116,"date":"2022-12-29T10:14:30","date_gmt":"2022-12-29T10:14:30","guid":{"rendered":"https:\/\/quimicacoyoacan.com\/?page_id=116"},"modified":"2022-12-29T10:26:53","modified_gmt":"2022-12-29T10:26:53","slug":"nuestra-historia","status":"publish","type":"page","link":"https:\/\/quimicacoyoacan.com\/index.php\/nuestra-historia\/","title":{"rendered":"Nuestra Historia"},"content":{"rendered":"\t\t<div data-elementor-type=\"wp-page\" data-elementor-id=\"116\" class=\"elementor elementor-116\">\n\t\t\t\t\t\t\t\t\t<section class=\"elementor-section elementor-top-section elementor-element elementor-element-5ff6aa04 elementor-section-content-middle elementor-section-boxed elementor-section-height-default elementor-section-height-default\" data-id=\"5ff6aa04\" data-element_type=\"section\">\n\t\t\t\t\t\t\t<div class=\"elementor-background-overlay\"><\/div>\n\t\t\t\t\t\t\t<div class=\"elementor-container elementor-column-gap-no\">\n\t\t\t\t\t<div class=\"elementor-column elementor-col-100 elementor-top-column elementor-element elementor-element-5f518a17\" data-id=\"5f518a17\" data-element_type=\"column\">\n\t\t\t<div class=\"elementor-widget-wrap elementor-element-populated\">\n\t\t\t\t\t\t\t\t<div class=\"elementor-element elementor-element-2e8c9a9b elementor-view-default elementor-mobile-position-top elementor-vertical-align-top elementor-widget elementor-widget-icon-box\" data-id=\"2e8c9a9b\" data-element_type=\"widget\" data-widget_type=\"icon-box.default\">\n\t\t\t\t<div class=\"elementor-widget-container\">\n\t\t\t<link rel=\"stylesheet\" href=\"https:\/\/quimicacoyoacan.com\/wp-content\/plugins\/elementor\/assets\/css\/widget-icon-box.min.css\">\t\t<div class=\"elementor-icon-box-wrapper\">\n\t\t\t\t\t\t<div class=\"elementor-icon-box-icon\">\n\t\t\t\t<span class=\"elementor-icon elementor-animation-\" >\n\t\t\t\t<i aria-hidden=\"true\" class=\"fas fa-place-of-worship\"><\/i>\t\t\t\t<\/span>\n\t\t\t<\/div>\n\t\t\t\t\t\t<div class=\"elementor-icon-box-content\">\n\t\t\t\t<h4 class=\"elementor-icon-box-title\">\n\t\t\t\t\t<span  >\n\t\t\t\t\t\t\t\t\t\t\t<\/span>\n\t\t\t\t<\/h4>\n\t\t\t\t\t\t\t\t\t<p class=\"elementor-icon-box-description\">\n\t\t\t\t\t\tNuestro origen\t\t\t\t\t<\/p>\n\t\t\t\t\t\t\t<\/div>\n\t\t<\/div>\n\t\t\t\t<\/div>\n\t\t\t\t<\/div>\n\t\t\t\t<div class=\"elementor-element elementor-element-68d1ae54 elementor-widget elementor-widget-text-editor\" data-id=\"68d1ae54\" data-element_type=\"widget\" data-widget_type=\"text-editor.default\">\n\t\t\t\t<div class=\"elementor-widget-container\">\n\t\t\t<style>\/*! elementor - v3.9.2 - 21-12-2022 *\/\n.elementor-widget-text-editor.elementor-drop-cap-view-stacked .elementor-drop-cap{background-color:#818a91;color:#fff}.elementor-widget-text-editor.elementor-drop-cap-view-framed .elementor-drop-cap{color:#818a91;border:3px solid;background-color:transparent}.elementor-widget-text-editor:not(.elementor-drop-cap-view-default) .elementor-drop-cap{margin-top:8px}.elementor-widget-text-editor:not(.elementor-drop-cap-view-default) .elementor-drop-cap-letter{width:1em;height:1em}.elementor-widget-text-editor .elementor-drop-cap{float:left;text-align:center;line-height:1;font-size:50px}.elementor-widget-text-editor .elementor-drop-cap-letter{display:inline-block}<\/style>\t\t\t\t<p><span style=\"color: #000000; font-family: Calibri, sans-serif; font-size: 12pt; text-align: start; background-color: var(--base-3);\">Nuestro origen estriba en Italia, cuando Carlo Erba elaboraba sus productos farmac\u00e9uticos derivados del Magnesio en el viejo continente.<\/span><\/p>\n<p><img decoding=\"async\" loading=\"lazy\" class=\"size-medium wp-image-118 aligncenter\" style=\"color: #000000; font-family: Calibri, sans-serif; font-size: 16px;\" src=\"http:\/\/quimicacoyoacan.com\/wp-content\/uploads\/2022\/12\/Carlo-Erba--227x300.png\" alt=\"\" width=\"227\" height=\"300\" srcset=\"https:\/\/quimicacoyoacan.com\/wp-content\/uploads\/2022\/12\/Carlo-Erba--227x300.png 227w, https:\/\/quimicacoyoacan.com\/wp-content\/uploads\/2022\/12\/Carlo-Erba-.png 376w\" sizes=\"(max-width: 227px) 100vw, 227px\" \/><\/p>\n<p style=\"margin: 0cm 0cm 0.0001pt; font-size: 12pt; font-family: Calibri, sans-serif; color: #000000; text-align: start;\"><span lang=\"ES\">En 1917 uno de sus productos conocido como Pan de Magnesio se comenz\u00f3 a importar a M\u00e9xico y gracias a la creciente demanda, a finales de 1930 se decide a instalar una planta de producci\u00f3n en la Ciudad de M\u00e9xico, en la delegaci\u00f3n Coyoac\u00e1n (raz\u00f3n por la cual conservamos el nombre de Coyoac\u00e1n Qu\u00edmica).<\/span><\/p>\n<p style=\"margin: 0cm 0cm 0.0001pt; font-size: 12pt; font-family: Calibri, sans-serif; color: #000000; text-align: start;\"><span lang=\"ES\">&nbsp; &nbsp; &nbsp; &nbsp; &nbsp; &nbsp; &nbsp; &nbsp; &nbsp; &nbsp; &nbsp; &nbsp; &nbsp; &nbsp; &nbsp; &nbsp; &nbsp; &nbsp; &nbsp; &nbsp; &nbsp; &nbsp; &nbsp; &nbsp; &nbsp; &nbsp; &nbsp; &nbsp; &nbsp;<img decoding=\"async\" loading=\"lazy\" class=\"alignnone size-medium wp-image-120\" src=\"http:\/\/quimicacoyoacan.com\/wp-content\/uploads\/2022\/12\/fe000e9e8d39d420e034b279f46267e3-300x221.jpg\" alt=\"\" width=\"300\" height=\"221\" srcset=\"https:\/\/quimicacoyoacan.com\/wp-content\/uploads\/2022\/12\/fe000e9e8d39d420e034b279f46267e3-300x221.jpg 300w, https:\/\/quimicacoyoacan.com\/wp-content\/uploads\/2022\/12\/fe000e9e8d39d420e034b279f46267e3.jpg 564w\" sizes=\"(max-width: 300px) 100vw, 300px\" \/><\/span><\/p>\n<p style=\"margin: 0cm 0cm 0.0001pt; font-size: 12pt; font-family: Calibri, sans-serif; color: #000000; text-align: start;\"><span lang=\"ES\">&nbsp;<\/span><\/p>\n<p style=\"margin: 0cm 0cm 0.0001pt; font-size: 12pt; font-family: Calibri, sans-serif; color: #000000; text-align: start;\"><span lang=\"ES\">En 1941 Don Jos\u00e9 Pelfini Pazzini adquiere la empresa y le da por nombre Qu\u00edmica Coyoac\u00e1n, de la cual en 1963 decide vender solamente la planta de carbonato de magnesio al Se\u00f1or Antonio Galimberti que, a un a\u00f1o de operarla, la vende a los empresarios potosinos Jos\u00e9 Mart\u00edn Alba y Salvador Orozco Hern\u00e1ndez, quienes la denominan Coyoac\u00e1n Qu\u00edmica, nombre que actualmente ostentamos.<\/span><\/p>\n<p style=\"margin: 0cm 0cm 0.0001pt; font-size: 12pt; font-family: Calibri, sans-serif; color: #000000; text-align: start;\"><span lang=\"ES\">&nbsp;<\/span><\/p>\n<p style=\"margin: 0cm 0cm 0.0001pt; font-size: 12pt; font-family: Calibri, sans-serif; color: #000000; text-align: start;\"><span lang=\"ES\">Junto con la adquisici\u00f3n de la compa\u00f1\u00eda tambi\u00e9n se adquirieron terrenos en Coahuila de los cuales se extrae la materia prima (carbonato de magnesio).<\/span><\/p>\n<p style=\"margin: 0cm 0cm 0.0001pt; font-size: 12pt; font-family: Calibri, sans-serif; color: #000000; text-align: start;\"><span lang=\"ES\">&nbsp;<\/span><\/p>\n<p style=\"margin: 0cm 0cm 0.0001pt; font-size: 12pt; font-family: Calibri, sans-serif; color: #000000; text-align: start;\"><span lang=\"ES\">En 1966 la f\u00e1brica es llevada a San Luis Potos\u00ed y adem\u00e1s de adecuarla para la producci\u00f3n de los derivados de magnesio, se habilit\u00f3 una planta de sulfato de magnesio y otra de algod\u00f3n.<\/span><\/p>\n<p style=\"margin: 0cm 0cm 0.0001pt; font-size: 12pt; font-family: Calibri, sans-serif; color: #000000; text-align: start;\"><span lang=\"ES\">&nbsp;<\/span><\/p>\n<p style=\"margin: 0cm 0cm 0.0001pt; font-size: 12pt; font-family: Calibri, sans-serif; color: #000000; text-align: start;\"><span lang=\"ES\">En la Ciudad de M\u00e9xico solamente se deja una oficina de representaci\u00f3n y ventas. Actualmente se sigue produciendo La Autentica Magnesia Coyoac\u00e1n, as\u00ed como \u00f3xidos de magnesio, sulfato de sodio, productos de belleza y productos naturales y orgullosamente somos l\u00edderes de producci\u00f3n de derivados de magnesio a nivel Latinoamericano.<\/span><\/p>\n<p style=\"margin: 0cm 0cm 0.0001pt; font-size: 12pt; font-family: Calibri, sans-serif; color: #000000; text-align: start;\"><span lang=\"ES\">&nbsp;<\/span><\/p>\n<p style=\"margin: 0cm 0cm 0.0001pt; font-size: 12pt; font-family: Calibri, sans-serif; color: #000000; text-align: start;\"><span lang=\"ES\">Adem\u00e1s de maquilar productos a marcas reconocidas, contamos con marcas propias y seguimos invirtiendo para renovar nuestra maquinaria y hacer llegar la mejor calidad a cada cliente. Queremos que siempre cuentes con el respaldo de la Familia que te cuida.<\/span><\/p>\n<p style=\"margin: 0cm 0cm 0.0001pt; font-size: 12pt; font-family: Calibri, sans-serif; color: #000000; text-align: start;\"><span lang=\"ES\">&nbsp;<\/span><\/p>\t\t\t\t\t\t<\/div>\n\t\t\t\t<\/div>\n\t\t\t\t\t<\/div>\n\t\t<\/div>\n\t\t\t\t\t\t\t<\/div>\n\t\t<\/section>\n\t\t\t\t\t\t\t<\/div>\n\t\t","protected":false},"excerpt":{"rendered":"<p>Nuestro origen Nuestro origen estriba en Italia, cuando Carlo Erba elaboraba sus productos farmac\u00e9uticos derivados del Magnesio en el viejo continente. En 1917 uno de sus productos conocido como Pan de Magnesio se comenz\u00f3 a importar a M\u00e9xico y gracias a la creciente demanda, a finales de 1930 se decide a instalar una planta de &#8230; <a title=\"Nuestra Historia\" class=\"read-more\" href=\"https:\/\/quimicacoyoacan.com\/index.php\/nuestra-historia\/\" aria-label=\"M\u00e1s en Nuestra Historia\">Leer m\u00e1s<\/a><\/p>\n","protected":false},"author":1,"featured_media":0,"parent":0,"menu_order":0,"comment_status":"closed","ping_status":"closed","template":"","meta":{"_mi_skip_tracking":false},"_links":{"self":[{"href":"https:\/\/quimicacoyoacan.com\/index.php\/wp-json\/wp\/v2\/pages\/116"}],"collection":[{"href":"https:\/\/quimicacoyoacan.com\/index.php\/wp-json\/wp\/v2\/pages"}],"about":[{"href":"https:\/\/quimicacoyoacan.com\/index.php\/wp-json\/wp\/v2\/types\/page"}],"author":[{"embeddable":true,"href":"https:\/\/quimicacoyoacan.com\/index.php\/wp-json\/wp\/v2\/users\/1"}],"replies":[{"embeddable":true,"href":"https:\/\/quimicacoyoacan.com\/index.php\/wp-json\/wp\/v2\/comments?post=116"}],"version-history":[{"count":4,"href":"https:\/\/quimicacoyoacan.com\/index.php\/wp-json\/wp\/v2\/pages\/116\/revisions"}],"predecessor-version":[{"id":123,"href":"https:\/\/quimicacoyoacan.com\/index.php\/wp-json\/wp\/v2\/pages\/116\/revisions\/123"}],"wp:attachment":[{"href":"https:\/\/quimicacoyoacan.com\/index.php\/wp-json\/wp\/v2\/media?parent=116"}],"curies":[{"name":"wp","href":"https:\/\/api.w.org\/{rel}","templated":true}]}}